{"id":9,"date":"2014-11-12T04:15:46","date_gmt":"2014-11-12T03:15:46","guid":{"rendered":"http:\/\/plutonthemes.com\/themes\/mee\/?page_id=9"},"modified":"2022-02-03T16:25:31","modified_gmt":"2022-02-03T15:25:31","slug":"der-verein-karate-haag-am-hausruck","status":"publish","type":"page","link":"https:\/\/www.karate.at\/dojo-haag\/der-verein-karate-haag-am-hausruck\/","title":{"rendered":"Der Verein"},"content":{"rendered":"\t\t<div data-elementor-type=\"wp-page\" data-elementor-id=\"9\" class=\"elementor elementor-9\">\n\t\t\t\t\t\t\t\t\t<section class=\"elementor-section elementor-top-section elementor-element elementor-element-1f79ab0b elementor-section-boxed elementor-section-height-default elementor-section-height-default\" data-id=\"1f79ab0b\" data-element_type=\"section\" data-settings=\"{&quot;jet_parallax_layout_list&quot;:[]}\">\n\t\t\t\t\t\t<div class=\"elementor-container elementor-column-gap-default\">\n\t\t\t\t\t<div class=\"elementor-column elementor-col-33 elementor-top-column elementor-element elementor-element-67f1d0cd\" data-id=\"67f1d0cd\" data-element_type=\"column\">\n\t\t\t<div class=\"elementor-widget-wrap elementor-element-populated\">\n\t\t\t\t\t\t\t\t<div class=\"elementor-element elementor-element-f088108 elementor-widget elementor-widget-heading\" data-id=\"f088108\" data-element_type=\"widget\" data-widget_type=\"heading.default\">\n\t\t\t\t<div class=\"elementor-widget-container\">\n\t\t\t<style>\/*! elementor - v3.6.3 - 12-04-2022 *\/\n.elementor-heading-title{padding:0;margin:0;line-height:1}.elementor-widget-heading .elementor-heading-title[class*=elementor-size-]>a{color:inherit;font-size:inherit;line-height:inherit}.elementor-widget-heading .elementor-heading-title.elementor-size-small{font-size:15px}.elementor-widget-heading .elementor-heading-title.elementor-size-medium{font-size:19px}.elementor-widget-heading .elementor-heading-title.elementor-size-large{font-size:29px}.elementor-widget-heading .elementor-heading-title.elementor-size-xl{font-size:39px}.elementor-widget-heading .elementor-heading-title.elementor-size-xxl{font-size:59px}<\/style><h3 class=\"elementor-heading-title elementor-size-default\">\u00dcber unseren Verein<\/h3>\t\t<\/div>\n\t\t\t\t<\/div>\n\t\t\t\t<div class=\"elementor-element elementor-element-3e988f4 elementor-widget-divider--view-line elementor-widget elementor-widget-divider\" data-id=\"3e988f4\" data-element_type=\"widget\" data-widget_type=\"divider.default\">\n\t\t\t\t<div class=\"elementor-widget-container\">\n\t\t\t<style>\/*! elementor - v3.6.3 - 12-04-2022 *\/\n.elementor-widget-divider{--divider-border-style:none;--divider-border-width:1px;--divider-color:#2c2c2c;--divider-icon-size:20px;--divider-element-spacing:10px;--divider-pattern-height:24px;--divider-pattern-size:20px;--divider-pattern-url:none;--divider-pattern-repeat:repeat-x}.elementor-widget-divider .elementor-divider{display:-webkit-box;display:-ms-flexbox;display:flex}.elementor-widget-divider .elementor-divider__text{font-size:15px;line-height:1;max-width:95%}.elementor-widget-divider .elementor-divider__element{margin:0 var(--divider-element-spacing);-ms-flex-negative:0;flex-shrink:0}.elementor-widget-divider .elementor-icon{font-size:var(--divider-icon-size)}.elementor-widget-divider .elementor-divider-separator{display:-webkit-box;display:-ms-flexbox;display:flex;margin:0;direction:ltr}.elementor-widget-divider--view-line_icon .elementor-divider-separator,.elementor-widget-divider--view-line_text .elementor-divider-separator{-webkit-box-align:center;-ms-flex-align:center;align-items:center}.elementor-widget-divider--view-line_icon .elementor-divider-separator:after,.elementor-widget-divider--view-line_icon .elementor-divider-separator:before,.elementor-widget-divider--view-line_text .elementor-divider-separator:after,.elementor-widget-divider--view-line_text .elementor-divider-separator:before{display:block;content:\"\";border-bottom:0;-webkit-box-flex:1;-ms-flex-positive:1;flex-grow:1;border-top:var(--divider-border-width) var(--divider-border-style) var(--divider-color)}.elementor-widget-divider--element-align-left .elementor-divider .elementor-divider-separator>.elementor-divider__svg:first-of-type{-webkit-box-flex:0;-ms-flex-positive:0;flex-grow:0;-ms-flex-negative:100;flex-shrink:100}.elementor-widget-divider--element-align-left .elementor-divider-separator:before{content:none}.elementor-widget-divider--element-align-left .elementor-divider__element{margin-left:0}.elementor-widget-divider--element-align-right .elementor-divider .elementor-divider-separator>.elementor-divider__svg:last-of-type{-webkit-box-flex:0;-ms-flex-positive:0;flex-grow:0;-ms-flex-negative:100;flex-shrink:100}.elementor-widget-divider--element-align-right .elementor-divider-separator:after{content:none}.elementor-widget-divider--element-align-right .elementor-divider__element{margin-right:0}.elementor-widget-divider:not(.elementor-widget-divider--view-line_text):not(.elementor-widget-divider--view-line_icon) .elementor-divider-separator{border-top:var(--divider-border-width) var(--divider-border-style) var(--divider-color)}.elementor-widget-divider--separator-type-pattern{--divider-border-style:none}.elementor-widget-divider--separator-type-pattern.elementor-widget-divider--view-line .elementor-divider-separator,.elementor-widget-divider--separator-type-pattern:not(.elementor-widget-divider--view-line) .elementor-divider-separator:after,.elementor-widget-divider--separator-type-pattern:not(.elementor-widget-divider--view-line) .elementor-divider-separator:before,.elementor-widget-divider--separator-type-pattern:not([class*=elementor-widget-divider--view]) .elementor-divider-separator{width:100%;min-height:var(--divider-pattern-height);-webkit-mask-size:var(--divider-pattern-size) 100%;mask-size:var(--divider-pattern-size) 100%;-webkit-mask-repeat:var(--divider-pattern-repeat);mask-repeat:var(--divider-pattern-repeat);background-color:var(--divider-color);-webkit-mask-image:var(--divider-pattern-url);mask-image:var(--divider-pattern-url)}.elementor-widget-divider--no-spacing{--divider-pattern-size:auto}.elementor-widget-divider--bg-round{--divider-pattern-repeat:round}.rtl .elementor-widget-divider .elementor-divider__text{direction:rtl}<\/style>\t\t<div class=\"elementor-divider\">\n\t\t\t<span class=\"elementor-divider-separator\">\n\t\t\t\t\t\t<\/span>\n\t\t<\/div>\n\t\t\t\t<\/div>\n\t\t\t\t<\/div>\n\t\t\t\t<div class=\"elementor-element elementor-element-112c58a9 elementor-widget elementor-widget-text-editor\" data-id=\"112c58a9\" data-element_type=\"widget\" data-widget_type=\"text-editor.default\">\n\t\t\t\t<div class=\"elementor-widget-container\">\n\t\t\t<style>\/*! elementor - v3.6.3 - 12-04-2022 *\/\n.elementor-widget-text-editor.elementor-drop-cap-view-stacked .elementor-drop-cap{background-color:#818a91;color:#fff}.elementor-widget-text-editor.elementor-drop-cap-view-framed .elementor-drop-cap{color:#818a91;border:3px solid;background-color:transparent}.elementor-widget-text-editor:not(.elementor-drop-cap-view-default) .elementor-drop-cap{margin-top:8px}.elementor-widget-text-editor:not(.elementor-drop-cap-view-default) .elementor-drop-cap-letter{width:1em;height:1em}.elementor-widget-text-editor .elementor-drop-cap{float:left;text-align:center;line-height:1;font-size:50px}.elementor-widget-text-editor .elementor-drop-cap-letter{display:inline-block}<\/style>\t\t\t\t<p>Der Verein \u201eShotokan Karate Do Seishinkan Haag\/Hausruck\u201c wurde im Jahre 1998 von Georg Eichelsberger und Martina Fery gegr\u00fcndet. Der Sportverein ist Mitglied des nationalen Verbandes \u201eShotokan Karatedo International Austrian Federation (SKIF)\u201c, der der weltweit in \u00fcber 100 L\u00e4ndern vertretenen Organisation \u201eShotokan Karate-Do International Federation\u201c angeh\u00f6rt.<\/p><p>Seit der Gr\u00fcndung des Vereins haben bereits 643 Personen an Anf\u00e4ngerkursen teilgenommen und die Grundkenntnisse des Shotokan Karate kennengelernt. Das Dojo Haag am Hausruck entwickelte sich mit seinen ca. 70 aktiven Mitgliedern zu einem der gr\u00f6\u00dften des SKIAF. Aber nicht nur zahlenm\u00e4\u00dfig z\u00e4hlt er schon seit Jahren zu dessen Aush\u00e4ngeschildern, sondern auch in Punkto Qualit\u00e4t.<\/p><p>Das Training ist jedoch nicht zugeschnitten f\u00fcr \u201eSpitzensportler\u201c, sondern f\u00f6rdert durch seinen speziellen Aufbau die Konstitution, Koordination und Konzentration aller Interessierten. Somit kann Karate gleicherma\u00dfen von Kindern wie auch \u00c4lteren ausge\u00fcbt werden, die k\u00f6rperlich und geistig topfit werden oder bleiben wollen. Dies beweist auch die altersm\u00e4\u00dfige Zusammensetzung der Mitglieder des Haager Vereines, die sich zwischen sieben und ca. sechzig Jahre bewegt. Um allen Bed\u00fcrfnissen bestm\u00f6glich gerecht zu werden, ist das Training in eine Kinder- und eine Erwachsenengruppe aufgeteilt.<\/p>\t\t\t\t\t\t<\/div>\n\t\t\t\t<\/div>\n\t\t\t\t\t<\/div>\n\t\t<\/div>\n\t\t\t\t<div class=\"elementor-column elementor-col-33 elementor-top-column elementor-element elementor-element-f5725e3\" data-id=\"f5725e3\" data-element_type=\"column\">\n\t\t\t<div class=\"elementor-widget-wrap elementor-element-populated\">\n\t\t\t\t\t\t\t\t<div class=\"elementor-element elementor-element-b981106 elementor-widget elementor-widget-image\" data-id=\"b981106\" data-element_type=\"widget\" data-widget_type=\"image.default\">\n\t\t\t\t<div class=\"elementor-widget-container\">\n\t\t\t<style>\/*! elementor - v3.6.3 - 12-04-2022 *\/\n.elementor-widget-image{text-align:center}.elementor-widget-image a{display:inline-block}.elementor-widget-image a img[src$=\".svg\"]{width:48px}.elementor-widget-image img{vertical-align:middle;display:inline-block}<\/style>\t\t\t\t\t\t\t\t\t<figure class=\"wp-caption\">\n\t\t\t\t\t\t\t\t\t\t<img decoding=\"async\" loading=\"lazy\" width=\"600\" height=\"640\" src=\"https:\/\/www.karate.at\/dojo-haag\/wp-content\/uploads\/2016\/02\/k-Georg2.jpg\" class=\"attachment-large size-large\" alt=\"\" srcset=\"https:\/\/www.karate.at\/dojo-haag\/wp-content\/uploads\/2016\/02\/k-Georg2.jpg 600w, https:\/\/www.karate.at\/dojo-haag\/wp-content\/uploads\/2016\/02\/k-Georg2-281x300.jpg 281w\" sizes=\"(max-width: 600px) 100vw, 600px\" \/>\t\t\t\t\t\t\t\t\t\t\t<figcaption class=\"widget-image-caption wp-caption-text\">Obmann und Vereinsgr\u00fcnder Georg Eichelsberger - 4. Dan<\/figcaption>\n\t\t\t\t\t\t\t\t\t\t<\/figure>\n\t\t\t\t\t\t\t\t\t<\/div>\n\t\t\t\t<\/div>\n\t\t\t\t\t<\/div>\n\t\t<\/div>\n\t\t\t\t<div class=\"elementor-column elementor-col-33 elementor-top-column elementor-element elementor-element-afe2de1\" data-id=\"afe2de1\" data-element_type=\"column\">\n\t\t\t<div class=\"elementor-widget-wrap elementor-element-populated\">\n\t\t\t\t\t\t\t\t<div class=\"elementor-element elementor-element-aa7158d elementor-widget elementor-widget-image\" data-id=\"aa7158d\" data-element_type=\"widget\" data-widget_type=\"image.default\">\n\t\t\t\t<div class=\"elementor-widget-container\">\n\t\t\t\t\t\t\t\t\t\t\t\t<figure class=\"wp-caption\">\n\t\t\t\t\t\t\t\t\t\t<img decoding=\"async\" loading=\"lazy\" width=\"428\" height=\"640\" src=\"https:\/\/www.karate.at\/dojo-haag\/wp-content\/uploads\/2016\/02\/k-Georg.jpg\" class=\"attachment-large size-large\" alt=\"\" srcset=\"https:\/\/www.karate.at\/dojo-haag\/wp-content\/uploads\/2016\/02\/k-Georg.jpg 428w, https:\/\/www.karate.at\/dojo-haag\/wp-content\/uploads\/2016\/02\/k-Georg-201x300.jpg 201w\" sizes=\"(max-width: 428px) 100vw, 428px\" \/>\t\t\t\t\t\t\t\t\t\t\t<figcaption class=\"widget-image-caption wp-caption-text\">Obmann und Vereinsgr\u00fcnder Georg Eichelsberger - 4. Dan<\/figcaption>\n\t\t\t\t\t\t\t\t\t\t<\/figure>\n\t\t\t\t\t\t\t\t\t<\/div>\n\t\t\t\t<\/div>\n\t\t\t\t\t<\/div>\n\t\t<\/div>\n\t\t\t\t\t\t\t<\/div>\n\t\t<\/section>\n\t\t\t\t<section class=\"elementor-section elementor-top-section elementor-element elementor-element-d17ca79 elementor-section-boxed elementor-section-height-default elementor-section-height-default\" data-id=\"d17ca79\" data-element_type=\"section\" data-settings=\"{&quot;jet_parallax_layout_list&quot;:[]}\">\n\t\t\t\t\t\t<div class=\"elementor-container elementor-column-gap-default\">\n\t\t\t\t\t<div class=\"elementor-column elementor-col-100 elementor-top-column elementor-element elementor-element-501b020\" data-id=\"501b020\" data-element_type=\"column\">\n\t\t\t<div class=\"elementor-widget-wrap elementor-element-populated\">\n\t\t\t\t\t\t\t\t<div class=\"elementor-element elementor-element-7ff1077 elementor-widget elementor-widget-heading\" data-id=\"7ff1077\" data-element_type=\"widget\" data-widget_type=\"heading.default\">\n\t\t\t\t<div class=\"elementor-widget-container\">\n\t\t\t<h3 class=\"elementor-heading-title elementor-size-default\">Eindr\u00fccke aus unserem Dojo Training<\/h3>\t\t<\/div>\n\t\t\t\t<\/div>\n\t\t\t\t<div class=\"elementor-element elementor-element-fb490d6 elementor-widget-divider--view-line elementor-widget elementor-widget-divider\" data-id=\"fb490d6\" data-element_type=\"widget\" data-widget_type=\"divider.default\">\n\t\t\t\t<div class=\"elementor-widget-container\">\n\t\t\t\t\t<div class=\"elementor-divider\">\n\t\t\t<span class=\"elementor-divider-separator\">\n\t\t\t\t\t\t<\/span>\n\t\t<\/div>\n\t\t\t\t<\/div>\n\t\t\t\t<\/div>\n\t\t\t\t\t<\/div>\n\t\t<\/div>\n\t\t\t\t\t\t\t<\/div>\n\t\t<\/section>\n\t\t\t\t<section class=\"elementor-section elementor-top-section elementor-element elementor-element-769e5853 elementor-section-full_width elementor-section-height-default elementor-section-height-default\" data-id=\"769e5853\" data-element_type=\"section\" data-settings=\"{&quot;jet_parallax_layout_list&quot;:[]}\">\n\t\t\t\t\t\t<div class=\"elementor-container elementor-column-gap-default\">\n\t\t\t\t\t<div class=\"elementor-column elementor-col-100 elementor-top-column elementor-element elementor-element-387d9083\" data-id=\"387d9083\" data-element_type=\"column\">\n\t\t\t<div class=\"elementor-widget-wrap elementor-element-populated\">\n\t\t\t\t\t\t\t\t<div class=\"elementor-element elementor-element-42966c9f elementor-arrows-position-inside elementor-widget elementor-widget-image-carousel\" data-id=\"42966c9f\" data-element_type=\"widget\" data-settings=\"{&quot;slides_to_show&quot;:&quot;5&quot;,&quot;slides_to_scroll&quot;:&quot;1&quot;,&quot;navigation&quot;:&quot;arrows&quot;,&quot;pause_on_hover&quot;:&quot;no&quot;,&quot;pause_on_interaction&quot;:&quot;no&quot;,&quot;slides_to_show_mobile&quot;:&quot;1&quot;,&quot;autoplay&quot;:&quot;yes&quot;,&quot;autoplay_speed&quot;:5000,&quot;infinite&quot;:&quot;yes&quot;,&quot;speed&quot;:500,&quot;image_spacing_custom&quot;:{&quot;unit&quot;:&quot;px&quot;,&quot;size&quot;:20,&quot;sizes&quot;:[]}}\" data-widget_type=\"image-carousel.default\">\n\t\t\t\t<div class=\"elementor-widget-container\">\n\t\t\t<style>\/*! elementor - v3.6.3 - 12-04-2022 *\/\n.elementor-widget-image-carousel .swiper-container{position:static}.elementor-widget-image-carousel .swiper-container .swiper-slide figure{line-height:inherit}.elementor-widget-image-carousel .swiper-slide{text-align:center}.elementor-image-carousel-wrapper:not(.swiper-container-initialized) .swiper-slide{max-width:calc(100% \/ var(--e-image-carousel-slides-to-show, 3))}<\/style>\t\t<div class=\"elementor-image-carousel-wrapper swiper-container\" dir=\"ltr\">\n\t\t\t<div class=\"elementor-image-carousel swiper-wrapper swiper-image-stretch\">\n\t\t\t\t\t\t\t\t<div class=\"swiper-slide\"><figure class=\"swiper-slide-inner\"><img decoding=\"async\" class=\"swiper-slide-image\" src=\"https:\/\/www.karate.at\/dojo-haag\/wp-content\/uploads\/2016\/02\/k-LIG_1240.jpg\" alt=\"k-LIG_1240\" \/><\/figure><\/div><div class=\"swiper-slide\"><figure class=\"swiper-slide-inner\"><img decoding=\"async\" class=\"swiper-slide-image\" src=\"https:\/\/www.karate.at\/dojo-haag\/wp-content\/uploads\/2016\/02\/k-LIG_1242.jpg\" alt=\"k-LIG_1242\" \/><\/figure><\/div><div class=\"swiper-slide\"><figure class=\"swiper-slide-inner\"><img decoding=\"async\" class=\"swiper-slide-image\" src=\"https:\/\/www.karate.at\/dojo-haag\/wp-content\/uploads\/2016\/02\/k-LIG_1243.jpg\" alt=\"k-LIG_1243\" \/><\/figure><\/div><div class=\"swiper-slide\"><figure class=\"swiper-slide-inner\"><img decoding=\"async\" class=\"swiper-slide-image\" src=\"https:\/\/www.karate.at\/dojo-haag\/wp-content\/uploads\/2016\/02\/k-LIG_1238.jpg\" alt=\"k-LIG_1238\" \/><\/figure><\/div><div class=\"swiper-slide\"><figure class=\"swiper-slide-inner\"><img decoding=\"async\" class=\"swiper-slide-image\" src=\"https:\/\/www.karate.at\/dojo-haag\/wp-content\/uploads\/2016\/02\/k-LIG_1250.jpg\" alt=\"k-LIG_1250\" \/><\/figure><\/div><div class=\"swiper-slide\"><figure class=\"swiper-slide-inner\"><img decoding=\"async\" class=\"swiper-slide-image\" src=\"https:\/\/www.karate.at\/dojo-haag\/wp-content\/uploads\/2016\/02\/k-LIG_1249.jpg\" alt=\"k-LIG_1249\" \/><\/figure><\/div><div class=\"swiper-slide\"><figure class=\"swiper-slide-inner\"><img decoding=\"async\" class=\"swiper-slide-image\" src=\"https:\/\/www.karate.at\/dojo-haag\/wp-content\/uploads\/2016\/02\/k-LIG_1248.jpg\" alt=\"k-LIG_1248\" \/><\/figure><\/div>\t\t\t<\/div>\n\t\t\t\t\t\t\t\t\t\t\t\t\t\t\t\t<div class=\"elementor-swiper-button elementor-swiper-button-prev\">\n\t\t\t\t\t\t<svg aria-hidden=\"true\" class=\"e-font-icon-svg e-eicon-chevron-left\"><use xlink:href=\"#eicon-chevron-left\" \/><\/svg>\t\t\t\t\t\t<span class=\"elementor-screen-only\">Zur\u00fcck<\/span>\n\t\t\t\t\t<\/div>\n\t\t\t\t\t<div class=\"elementor-swiper-button elementor-swiper-button-next\">\n\t\t\t\t\t\t<svg aria-hidden=\"true\" class=\"e-font-icon-svg e-eicon-chevron-right\"><use xlink:href=\"#eicon-chevron-right\" \/><\/svg>\t\t\t\t\t\t<span class=\"elementor-screen-only\">Weiter<\/span>\n\t\t\t\t\t<\/div>\n\t\t\t\t\t\t\t\t\t<\/div>\n\t\t\t\t<\/div>\n\t\t\t\t<\/div>\n\t\t\t\t\t<\/div>\n\t\t<\/div>\n\t\t\t\t\t\t\t<\/div>\n\t\t<\/section>\n\t\t\t\t<section class=\"elementor-section elementor-top-section elementor-element elementor-element-13c7b49 elementor-section-boxed elementor-section-height-default elementor-section-height-default\" data-id=\"13c7b49\" data-element_type=\"section\" data-settings=\"{&quot;jet_parallax_layout_list&quot;:[]}\">\n\t\t\t\t\t\t<div class=\"elementor-container elementor-column-gap-default\">\n\t\t\t\t\t<div class=\"elementor-column elementor-col-100 elementor-top-column elementor-element elementor-element-19204be\" data-id=\"19204be\" data-element_type=\"column\">\n\t\t\t<div class=\"elementor-widget-wrap elementor-element-populated\">\n\t\t\t\t\t\t\t\t<div class=\"elementor-element elementor-element-a0b12b5 elementor-widget elementor-widget-heading\" data-id=\"a0b12b5\" data-element_type=\"widget\" data-widget_type=\"heading.default\">\n\t\t\t\t<div class=\"elementor-widget-container\">\n\t\t\t<h3 class=\"elementor-heading-title elementor-size-default\">Herkunft und unser Bundesverband - der SKIAF<\/h3>\t\t<\/div>\n\t\t\t\t<\/div>\n\t\t\t\t<div class=\"elementor-element elementor-element-cee99ae elementor-widget-divider--view-line elementor-widget elementor-widget-divider\" data-id=\"cee99ae\" data-element_type=\"widget\" data-widget_type=\"divider.default\">\n\t\t\t\t<div class=\"elementor-widget-container\">\n\t\t\t\t\t<div class=\"elementor-divider\">\n\t\t\t<span class=\"elementor-divider-separator\">\n\t\t\t\t\t\t<\/span>\n\t\t<\/div>\n\t\t\t\t<\/div>\n\t\t\t\t<\/div>\n\t\t\t\t\t<\/div>\n\t\t<\/div>\n\t\t\t\t\t\t\t<\/div>\n\t\t<\/section>\n\t\t\t\t<section class=\"elementor-section elementor-top-section elementor-element elementor-element-ceac81b elementor-section-boxed elementor-section-height-default elementor-section-height-default\" data-id=\"ceac81b\" data-element_type=\"section\" data-settings=\"{&quot;jet_parallax_layout_list&quot;:[]}\">\n\t\t\t\t\t\t<div class=\"elementor-container elementor-column-gap-default\">\n\t\t\t\t\t<div class=\"elementor-column elementor-col-33 elementor-top-column elementor-element elementor-element-645f1a5\" data-id=\"645f1a5\" data-element_type=\"column\">\n\t\t\t<div class=\"elementor-widget-wrap elementor-element-populated\">\n\t\t\t\t\t\t\t\t<div class=\"elementor-element elementor-element-69b0458 elementor-widget elementor-widget-text-editor\" data-id=\"69b0458\" data-element_type=\"widget\" data-widget_type=\"text-editor.default\">\n\t\t\t\t<div class=\"elementor-widget-container\">\n\t\t\t\t\t\t\t<p>In einigen L\u00e4ndern, in denen der SKIF angesiedelt ist, wird Karate von Gro\u00dfmeistern, sogenannten Shihans, gelehrt, die diese Sportart in Japan studierten. Sie haben die Aufgabe, die sportliche Aspekte von Karate, die auf den drei S\u00e4ulen Grundschule (Kihon), Form (Kata) und Zweikampf (Kumite) beruhen, sowie traditionelle Werte wie Etikette, Respekt, H\u00f6flichkeit und Disziplin zu vermitteln.<\/p><p>In \u00d6sterreich zeichnete der weltweit anerkannte Chefinstruktor Shihan Norio Kawasoe, 8. Dan verantwortlich, der leider im Jahre 2013 einer schweren Krankheit erlag. Von diesem Gro\u00dfmeister konnten die beiden Gr\u00fcnder des Vereines \u201eShotokan Karate Do Seishinkan Haag\/Hausruck\u201c Karate aus erster Hand lernen.<\/p>\t\t\t\t\t\t<\/div>\n\t\t\t\t<\/div>\n\t\t\t\t\t<\/div>\n\t\t<\/div>\n\t\t\t\t<div class=\"elementor-column elementor-col-33 elementor-top-column elementor-element elementor-element-de4767a\" data-id=\"de4767a\" data-element_type=\"column\">\n\t\t\t<div class=\"elementor-widget-wrap elementor-element-populated\">\n\t\t\t\t\t\t\t\t<div class=\"elementor-element elementor-element-4ce79bf elementor-widget elementor-widget-image\" data-id=\"4ce79bf\" data-element_type=\"widget\" data-widget_type=\"image.default\">\n\t\t\t\t<div class=\"elementor-widget-container\">\n\t\t\t\t\t\t\t\t\t\t\t\t<figure class=\"wp-caption\">\n\t\t\t\t\t\t\t\t\t\t<img decoding=\"async\" loading=\"lazy\" width=\"200\" height=\"286\" src=\"https:\/\/www.karate.at\/dojo-haag\/wp-content\/uploads\/2014\/11\/trainer_kawasoe.jpg\" class=\"attachment-full size-full\" alt=\"\" \/>\t\t\t\t\t\t\t\t\t\t\t<figcaption class=\"widget-image-caption wp-caption-text\">Shihan Norio Kawasoe, 8. Dan<\/figcaption>\n\t\t\t\t\t\t\t\t\t\t<\/figure>\n\t\t\t\t\t\t\t\t\t<\/div>\n\t\t\t\t<\/div>\n\t\t\t\t\t<\/div>\n\t\t<\/div>\n\t\t\t\t<div class=\"elementor-column elementor-col-33 elementor-top-column elementor-element elementor-element-e85fd5d\" data-id=\"e85fd5d\" data-element_type=\"column\">\n\t\t\t<div class=\"elementor-widget-wrap elementor-element-populated\">\n\t\t\t\t\t\t\t\t<div class=\"elementor-element elementor-element-f98be20 elementor-widget elementor-widget-image\" data-id=\"f98be20\" data-element_type=\"widget\" data-widget_type=\"image.default\">\n\t\t\t\t<div class=\"elementor-widget-container\">\n\t\t\t\t\t\t\t\t\t\t\t\t<figure class=\"wp-caption\">\n\t\t\t\t\t\t\t\t\t\t<img decoding=\"async\" loading=\"lazy\" width=\"220\" height=\"315\" src=\"https:\/\/www.karate.at\/dojo-haag\/wp-content\/uploads\/2014\/11\/220px-Funakoshi.jpg\" class=\"attachment-large size-large\" alt=\"\" srcset=\"https:\/\/www.karate.at\/dojo-haag\/wp-content\/uploads\/2014\/11\/220px-Funakoshi.jpg 220w, https:\/\/www.karate.at\/dojo-haag\/wp-content\/uploads\/2014\/11\/220px-Funakoshi-210x300.jpg 210w\" sizes=\"(max-width: 220px) 100vw, 220px\" \/>\t\t\t\t\t\t\t\t\t\t\t<figcaption class=\"widget-image-caption wp-caption-text\">Gichin Funakoshi<\/figcaption>\n\t\t\t\t\t\t\t\t\t\t<\/figure>\n\t\t\t\t\t\t\t\t\t<\/div>\n\t\t\t\t<\/div>\n\t\t\t\t\t<\/div>\n\t\t<\/div>\n\t\t\t\t\t\t\t<\/div>\n\t\t<\/section>\n\t\t\t\t\t\t\t<\/div>\n\t\t","protected":false},"excerpt":{"rendered":"<p>\u00dcber unseren Verein Der Verein \u201eShotokan Karate Do Seishinkan Haag\/Hausruck\u201c wurde im Jahre 1998 von Georg Eichelsberger und Martina Fery gegr\u00fcndet. Der Sportverein ist Mitglied des nationalen Verbandes \u201eShotokan Karatedo International Austrian Federation (SKIF)\u201c, der der weltweit in \u00fcber 100 L\u00e4ndern vertretenen Organisation \u201eShotokan Karate-Do International Federation\u201c angeh\u00f6rt. Seit der Gr\u00fcndung des Vereins haben bereits [&hellip;]<\/p>\n","protected":false},"author":1,"featured_media":0,"parent":0,"menu_order":0,"comment_status":"closed","ping_status":"closed","template":"","meta":{"footnotes":""},"_links":{"self":[{"href":"https:\/\/www.karate.at\/dojo-haag\/wp-json\/wp\/v2\/pages\/9"}],"collection":[{"href":"https:\/\/www.karate.at\/dojo-haag\/wp-json\/wp\/v2\/pages"}],"about":[{"href":"https:\/\/www.karate.at\/dojo-haag\/wp-json\/wp\/v2\/types\/page"}],"author":[{"embeddable":true,"href":"https:\/\/www.karate.at\/dojo-haag\/wp-json\/wp\/v2\/users\/1"}],"replies":[{"embeddable":true,"href":"https:\/\/www.karate.at\/dojo-haag\/wp-json\/wp\/v2\/comments?post=9"}],"version-history":[{"count":38,"href":"https:\/\/www.karate.at\/dojo-haag\/wp-json\/wp\/v2\/pages\/9\/revisions"}],"predecessor-version":[{"id":1107,"href":"https:\/\/www.karate.at\/dojo-haag\/wp-json\/wp\/v2\/pages\/9\/revisions\/1107"}],"wp:attachment":[{"href":"https:\/\/www.karate.at\/dojo-haag\/wp-json\/wp\/v2\/media?parent=9"}],"curies":[{"name":"wp","href":"https:\/\/api.w.org\/{rel}","templated":true}]}}